{"id":29,"date":"2021-08-10T03:58:04","date_gmt":"2021-08-10T03:58:04","guid":{"rendered":"https:\/\/cscorredoresdeseguros.cl\/cs\/home\/"},"modified":"2021-09-26T01:15:18","modified_gmt":"2021-09-26T01:15:18","slug":"home","status":"publish","type":"page","link":"https:\/\/www.seguroscs.cl\/cs\/","title":{"rendered":"Home"},"content":{"rendered":"\n\n\n<h1>Bienvenidos a Seguros CS<\/h1>\n<p style=\"text-align: center\"><span style=\"color: rgb(255, 255, 255); font-variant-ligatures: normal; orphans: 2; widows: 2; text-decoration-thickness: initial;\">\u00abLa Asesor\u00eda de Expertos que estabas buscando\u00bb<\/span><br><\/p>\n\n\n\n\n\n\n\n<h2 style=\"color: rgb(153, 17, 17); font-variant-ligatures: normal; orphans: 2; widows: 2; text-decoration-thickness: initial;\">Los Mejores Seguros para ti y tu Negocio<\/h2>\n<p><span style=\"font-variant-ligatures: normal; orphans: 2; widows: 2; text-decoration-thickness: initial;\">Un enfoque personalizado para tus necesidades de aseguramiento.<\/span><br><\/p>\n\n\n\n\n<p><\/p>\n<p><\/p>\n<p><\/p>\n\n\n<p><\/p>\n<p><\/p>\n<p><\/p>\n\n\n\n\n\n\n\n\n\n\n<h3>Seguro Individual Obligatorio de Salud COVID-19<\/h3>\n<p><span style=\"caret-color: rgb(255, 255, 255); color: rgb(255, 255, 255); orphans: 2; text-align: center; widows: 2;\">La Ley N\u00b0 21.342 establece un nuevo seguro individual anual de car\u00e1cter obligatorio, que financia o reembolsa los gastos de los trabajadores en hospitalizaci\u00f3n y rehabilitaci\u00f3n asociados a la enfermedad Covid-19.<\/span><br><\/p>\n\n\n\n\n\n\n\n<h2>Compa\u00f1\u00edas de Seguros<\/h2>\n<p style=\"text-align: center\">Trabajamos con las Mejores Compa\u00f1\u00edas de la Industria.\n\n <\/p>\n\n\n\n","protected":false},"excerpt":{"rendered":"","protected":false},"author":0,"featured_media":0,"parent":0,"menu_order":0,"comment_status":"closed","ping_status":"closed","template":"","meta":{"footnotes":""},"class_list":["post-29","page","type-page","status-publish","hentry"],"_links":{"self":[{"href":"https:\/\/www.seguroscs.cl\/cs\/wp-json\/wp\/v2\/pages\/29","targetHints":{"allow":["GET"]}}],"collection":[{"href":"https:\/\/www.seguroscs.cl\/cs\/wp-json\/wp\/v2\/pages"}],"about":[{"href":"https:\/\/www.seguroscs.cl\/cs\/wp-json\/wp\/v2\/types\/page"}],"replies":[{"embeddable":true,"href":"https:\/\/www.seguroscs.cl\/cs\/wp-json\/wp\/v2\/comments?post=29"}],"version-history":[{"count":27,"href":"https:\/\/www.seguroscs.cl\/cs\/wp-json\/wp\/v2\/pages\/29\/revisions"}],"predecessor-version":[{"id":170,"href":"https:\/\/www.seguroscs.cl\/cs\/wp-json\/wp\/v2\/pages\/29\/revisions\/170"}],"wp:attachment":[{"href":"https:\/\/www.seguroscs.cl\/cs\/wp-json\/wp\/v2\/media?parent=29"}],"curies":[{"name":"wp","href":"https:\/\/api.w.org\/{rel}","templated":true}]}}