{"id":158,"date":"2021-09-01T04:38:58","date_gmt":"2021-09-01T04:38:58","guid":{"rendered":"https:\/\/cscorredoresdeseguros.cl\/cs\/about\/"},"modified":"2021-09-01T05:32:43","modified_gmt":"2021-09-01T05:32:43","slug":"siniestros","status":"publish","type":"page","link":"https:\/\/www.seguroscs.cl\/cs\/siniestros\/","title":{"rendered":"siniestros"},"content":{"rendered":"\n\n\n\n\n\n\n\n<h2>Denuncia aqu\u00ed tu Siniestro<\/h2>\n<p>Si necesitas ayuda para determinar qu\u00e9 es un siniestro y cu\u00e1les son los pasos a seguir, ll\u00e1manos desde tel\u00e9fonos fijos o celulares<\/p>\n\n\n\n\n<div class=\"forminator-ui forminator-custom-form forminator-custom-form-166 forminator-design--flat  forminator_ajax\" data-forminator-render=\"0\" data-form=\"forminator-module-166\"><br\/><\/div><form\n\t\t\t\tid=\"forminator-module-166\"\n\t\t\t\tclass=\"forminator-ui forminator-custom-form forminator-custom-form-166 forminator-design--flat  forminator_ajax\"\n\t\t\t\tmethod=\"post\"\n\t\t\t\tdata-forminator-render=\"0\"\n\t\t\t\tdata-form-id=\"166\"\n\t\t\t\t\n\t\t\t\tdata-design=\"flat\"\n\t\t\t\t\n\t\t\t\t\n\t\t\t\t\n\t\t\t\tdata-grid=\"open\"\n\t\t\t\t\n\t\t\t\t\n\t\t\t\tstyle=\"display: none;\"\n\t\t\t><div class=\"forminator-response-message forminator-error\" aria-hidden=\"true\"><\/div><div class=\"forminator-row\"><div id=\"name-1\" class=\"forminator-col forminator-col-12 \"><div class=\"forminator-field\"><label for=\"forminator-field-name-1\" class=\"forminator-label\">Nombres y Apellidos <span class=\"forminator-required\">*<\/span><\/label><input type=\"text\" name=\"name-1\" value=\"\" placeholder=\"Ejemplo: Juan Leiva Torres\" id=\"forminator-field-name-1\" class=\"forminator-input forminator-name--field\" aria-required=\"true\" \/><\/div><\/div><\/div><div class=\"forminator-row\"><div id=\"phone-1\" class=\"forminator-col forminator-col-6 \"><div class=\"forminator-field\"><label for=\"forminator-field-phone-1\" class=\"forminator-label\">N\u00famero de tel\u00e9fono <span class=\"forminator-required\">*<\/span><\/label><input type=\"text\" name=\"phone-1\" value=\"\" placeholder=\"Ejemplo: 9 1234 5678\" id=\"forminator-field-phone-1\" class=\"forminator-input forminator-field--phone\" data-required=\"1\" aria-required=\"true\" autocomplete=\"off\" \/><\/div><\/div><div id=\"email-1\" class=\"forminator-col forminator-col-6 \"><div class=\"forminator-field\"><label for=\"forminator-field-email-1\" class=\"forminator-label\">Correo electr\u00f3nico <span class=\"forminator-required\">*<\/span><\/label><input type=\"email\" name=\"email-1\" value=\"\" placeholder=\"ejemplo@dominio.cl\" id=\"forminator-field-email-1\" class=\"forminator-input forminator-email--field\" data-required=\"true\" aria-required=\"true\" \/><\/div><\/div><\/div><div class=\"forminator-row\"><div id=\"select-1\" class=\"forminator-col forminator-col-12 \"><div class=\"forminator-field\"><label for=\"select-1-field-field\" class=\"forminator-label\">Tipo de Siniestro <span class=\"forminator-required\">*<\/span><\/label><select class=\"forminator-select--field forminator-select2\" id=\"select-1-field\" data-required=\"1\" name=\"select-1\" data-default-value=\"\" data-placeholder=\"\" data-search=\"false\"><option value=\"habitacional-e-incendios\"  data-calculation=\"0\">Habitacional e Incendios<\/option><option value=\"vehculos\"  data-calculation=\"0\">Veh\u00edculos<\/option><option value=\"construccin\"  data-calculation=\"0\">Construcci\u00f3n<\/option><option value=\"responsabilidad-civil\"  data-calculation=\"0\">Responsabilidad Civil<\/option><option value=\"agrcolas\"  data-calculation=\"0\">Agr\u00edcolas<\/option><option value=\"vida-y-salud\"  data-calculation=\"0\">Vida y Salud<\/option><\/select><span class=\"forminator-description\" aria-describedby=\"\">Por favor seleccione una de las opciones<\/span><\/div><\/div><\/div><div class=\"forminator-row\"><div id=\"textarea-1\" class=\"forminator-col forminator-col-12 \"><div class=\"forminator-field\"><label for=\"forminator-field-textarea-1\" class=\"forminator-label\">Mensaje <span class=\"forminator-required\">*<\/span><\/label><textarea name=\"textarea-1\" placeholder=\"Redacte su mensaje...\" id=\"forminator-field-textarea-1\" class=\"forminator-textarea\" rows=\"6\" style=\"min-height:140px;\" maxlength=\"300\" ><\/textarea><span class=\"forminator-description\"><span data-limit=\"300\" data-type=\"characters\">0 \/ 300<\/span><\/span><\/div><\/div><\/div><input type=\"hidden\" name=\"referer_url\" value=\"\" \/><div class=\"forminator-row forminator-row-last\"><div class=\"forminator-col\"><div class=\"forminator-field\"><button class=\"forminator-button forminator-button-submit\">Enviar mensaje<\/button><\/div><\/div><\/div><input type=\"hidden\" id=\"forminator_nonce\" name=\"forminator_nonce\" value=\"0acb6fd273\" \/><input type=\"hidden\" name=\"_wp_http_referer\" value=\"\/cs\/wp-json\/wp\/v2\/pages\/158\" \/><input type=\"hidden\" name=\"form_id\" value=\"166\"><input type=\"hidden\" name=\"page_id\" value=\"158\"><input type=\"hidden\" name=\"form_type\" value=\"default\"><input type=\"hidden\" name=\"current_url\" value=\"https:\/\/www.seguroscs.cl\/cs\/wp-json\/wp\/v2\/pages\/158\/\"><input type=\"hidden\" name=\"render_id\" value=\"0\"><input type=\"hidden\" name=\"action\" value=\"forminator_submit_form_custom-forms\"><\/form>\n\n\n","protected":false},"excerpt":{"rendered":"","protected":false},"author":1,"featured_media":0,"parent":0,"menu_order":0,"comment_status":"closed","ping_status":"closed","template":"","meta":{"footnotes":""},"class_list":["post-158","page","type-page","status-publish","hentry"],"_links":{"self":[{"href":"https:\/\/www.seguroscs.cl\/cs\/wp-json\/wp\/v2\/pages\/158","targetHints":{"allow":["GET"]}}],"collection":[{"href":"https:\/\/www.seguroscs.cl\/cs\/wp-json\/wp\/v2\/pages"}],"about":[{"href":"https:\/\/www.seguroscs.cl\/cs\/wp-json\/wp\/v2\/types\/page"}],"author":[{"embeddable":true,"href":"https:\/\/www.seguroscs.cl\/cs\/wp-json\/wp\/v2\/users\/1"}],"replies":[{"embeddable":true,"href":"https:\/\/www.seguroscs.cl\/cs\/wp-json\/wp\/v2\/comments?post=158"}],"version-history":[{"count":8,"href":"https:\/\/www.seguroscs.cl\/cs\/wp-json\/wp\/v2\/pages\/158\/revisions"}],"predecessor-version":[{"id":168,"href":"https:\/\/www.seguroscs.cl\/cs\/wp-json\/wp\/v2\/pages\/158\/revisions\/168"}],"wp:attachment":[{"href":"https:\/\/www.seguroscs.cl\/cs\/wp-json\/wp\/v2\/media?parent=158"}],"curies":[{"name":"wp","href":"https:\/\/api.w.org\/{rel}","templated":true}]}}